{"id":24,"date":"2025-05-02T12:09:55","date_gmt":"2025-05-02T12:09:55","guid":{"rendered":"https:\/\/ellutanskanen.fi\/?page_id=24"},"modified":"2026-01-28T19:40:35","modified_gmt":"2026-01-28T19:40:35","slug":"hinnasto","status":"publish","type":"page","link":"https:\/\/ellutanskanen.fi\/?page_id=24","title":{"rendered":"Kuvauspaketit &#038; Hinnasto"},"content":{"rendered":"<p>[et_pb_section fb_built=&#8221;1&#8243; admin_label=&#8221;Otsikkorivi&#8221; _builder_version=&#8221;4.21.0&#8243; _module_preset=&#8221;default&#8221; custom_padding=&#8221;0px||0px|||&#8221; global_colors_info=&#8221;{}&#8221;][et_pb_row _builder_version=&#8221;4.21.0&#8243; _module_preset=&#8221;default&#8221; custom_padding=&#8221;||0px|||&#8221; global_colors_info=&#8221;{}&#8221;][et_pb_column type=&#8221;4_4&#8243; _builder_version=&#8221;4.21.0&#8243; _module_preset=&#8221;default&#8221; global_colors_info=&#8221;{}&#8221;][et_pb_text _builder_version=&#8221;4.21.0&#8243; _module_preset=&#8221;default&#8221; text_font=&#8221;Abhaya Libre|||on|||||&#8221; animation_style=&#8221;fade&#8221; animation_speed_curve=&#8221;ease-in&#8221; global_colors_info=&#8221;{}&#8221;]<\/p>\n<h1 style=\"text-align: center;\">Kuvauspaketit &amp; Hinnasto<\/h1>\n<p>[\/et_pb_text][\/et_pb_column][\/et_pb_row][\/et_pb_section][et_pb_section fb_built=&#8221;1&#8243; _builder_version=&#8221;4.21.0&#8243; _module_preset=&#8221;default&#8221; custom_margin=&#8221;-12px||||false|false&#8221; custom_padding=&#8221;0px|||||&#8221; global_colors_info=&#8221;{}&#8221;][et_pb_row column_structure=&#8221;1_2,1_2&#8243; use_custom_gutter=&#8221;on&#8221; gutter_width=&#8221;1&#8243; make_equal=&#8221;on&#8221; custom_padding_last_edited=&#8221;on|phone&#8221; admin_label=&#8221;Potretti&#8221; _builder_version=&#8221;4.21.0&#8243; _module_preset=&#8221;default&#8221; width=&#8221;39%&#8221; width_tablet=&#8221;39%&#8221; width_phone=&#8221;90%&#8221; width_last_edited=&#8221;on|phone&#8221; custom_padding=&#8221;|0px||0px|false|true&#8221; custom_padding_tablet=&#8221;|0px||0px|false|true&#8221; custom_padding_phone=&#8221;|0px||0px|false|true&#8221; global_colors_info=&#8221;{}&#8221;][et_pb_column type=&#8221;1_2&#8243; _builder_version=&#8221;4.21.0&#8243; _module_preset=&#8221;default&#8221; global_colors_info=&#8221;{}&#8221;][et_pb_image src=&#8221;https:\/\/ellutanskanen.fi\/wp-content\/uploads\/2026\/01\/Elina.Tanskanen-41-scaled.jpg&#8221; title_text=&#8221;Elina.Tanskanen-41&#8243; show_in_lightbox=&#8221;on&#8221; align=&#8221;center&#8221; force_fullwidth=&#8221;on&#8221; align_tablet=&#8221;center&#8221; align_phone=&#8221;center&#8221; align_last_edited=&#8221;on|phone&#8221; _builder_version=&#8221;4.21.0&#8243; _module_preset=&#8221;default&#8221; width_tablet=&#8221;&#8221; width_phone=&#8221;&#8221; width_last_edited=&#8221;on|phone&#8221; module_alignment=&#8221;right&#8221; custom_margin_tablet=&#8221;&#8221; custom_margin_phone=&#8221;&#8221; custom_margin_last_edited=&#8221;on|phone&#8221; custom_padding=&#8221;|0px|||false|false&#8221; animation_style=&#8221;fade&#8221; animation_speed_curve=&#8221;ease-in&#8221; module_alignment_tablet=&#8221;right&#8221; module_alignment_phone=&#8221;center&#8221; module_alignment_last_edited=&#8221;on|phone&#8221; global_colors_info=&#8221;{}&#8221;][\/et_pb_image][\/et_pb_column][et_pb_column type=&#8221;1_2&#8243; _builder_version=&#8221;4.21.0&#8243; _module_preset=&#8221;default&#8221; global_colors_info=&#8221;{}&#8221;][et_pb_text _builder_version=&#8221;4.21.0&#8243; _module_preset=&#8221;default&#8221; text_font=&#8221;Abhaya Libre||||||||&#8221; text_font_size=&#8221;18px&#8221; width=&#8221;100%&#8221; module_alignment=&#8221;left&#8221; custom_margin=&#8221;|54px||||&#8221; custom_padding=&#8221;40px||0px|30px|false|false&#8221; custom_padding_tablet=&#8221;40px||0px|30px|false|false&#8221; custom_padding_phone=&#8221;40px||0px|30px|false|false&#8221; custom_padding_last_edited=&#8221;on|desktop&#8221; animation_style=&#8221;fade&#8221; animation_speed_curve=&#8221;ease-in&#8221; border_radii=&#8221;off||12px|12px|&#8221; border_color_all=&#8221;#E09900&#8243; border_width_left=&#8221;0px&#8221; global_colors_info=&#8221;{}&#8221;]<\/p>\n<h4 style=\"padding-left: 40px;\"><span style=\"color: #993300;\">POTRETTIKUVAUS 60 MIN<\/span><\/h4>\n<h4 style=\"padding-left: 40px;\"><span style=\"color: #993300;\">10 KUVAA &#8211; 150\u20ac<\/span><\/h4>\n<p><span style=\"font-weight: 400;\"><\/span><\/p>\n<p><span style=\"font-weight: 400;\">Yksil\u00f6n ikuistaminen ja juuri sen hetken pys\u00e4ytt\u00e4minen kuviin. <\/span><\/p>\n<p><span style=\"font-weight: 400;\">Esimerkiksi kuvat ripille p\u00e4\u00e4sev\u00e4st\u00e4 nuoresta, koulusta valmistuneesta tai vain juuri sinusta, koska olet niin upea juuri sellaisena kuin olet.\u00a0<\/span><\/p>\n<p>[\/et_pb_text][\/et_pb_column][\/et_pb_row][et_pb_row column_structure=&#8221;1_2,1_2&#8243; use_custom_gutter=&#8221;on&#8221; gutter_width=&#8221;1&#8243; make_equal=&#8221;on&#8221; custom_padding_last_edited=&#8221;on|phone&#8221; admin_label=&#8221;Potretti&#8221; _builder_version=&#8221;4.21.0&#8243; _module_preset=&#8221;default&#8221; width=&#8221;39%&#8221; width_tablet=&#8221;39%&#8221; width_phone=&#8221;90%&#8221; width_last_edited=&#8221;on|phone&#8221; custom_padding=&#8221;|0px||0px|false|true&#8221; custom_padding_tablet=&#8221;|0px||0px|false|true&#8221; custom_padding_phone=&#8221;|0px||0px|false|true&#8221; global_colors_info=&#8221;{}&#8221;][et_pb_column type=&#8221;1_2&#8243; _builder_version=&#8221;4.21.0&#8243; _module_preset=&#8221;default&#8221; global_colors_info=&#8221;{}&#8221;][et_pb_image src=&#8221;https:\/\/ellutanskanen.fi\/wp-content\/uploads\/2026\/01\/Elina.Tanskanen-54-scaled.jpg&#8221; title_text=&#8221;Elina.Tanskanen-54&#8243; show_in_lightbox=&#8221;on&#8221; align=&#8221;center&#8221; force_fullwidth=&#8221;on&#8221; align_tablet=&#8221;center&#8221; align_phone=&#8221;center&#8221; align_last_edited=&#8221;on|phone&#8221; _builder_version=&#8221;4.21.0&#8243; _module_preset=&#8221;default&#8221; width_tablet=&#8221;&#8221; width_phone=&#8221;&#8221; width_last_edited=&#8221;on|phone&#8221; module_alignment=&#8221;right&#8221; custom_margin_tablet=&#8221;&#8221; custom_margin_phone=&#8221;&#8221; custom_margin_last_edited=&#8221;on|phone&#8221; custom_padding=&#8221;|0px|||false|false&#8221; animation_style=&#8221;fade&#8221; animation_speed_curve=&#8221;ease-in&#8221; module_alignment_tablet=&#8221;right&#8221; module_alignment_phone=&#8221;center&#8221; module_alignment_last_edited=&#8221;on|phone&#8221; global_colors_info=&#8221;{}&#8221;][\/et_pb_image][\/et_pb_column][et_pb_column type=&#8221;1_2&#8243; _builder_version=&#8221;4.21.0&#8243; _module_preset=&#8221;default&#8221; global_colors_info=&#8221;{}&#8221;][et_pb_text _builder_version=&#8221;4.21.0&#8243; _module_preset=&#8221;default&#8221; text_font=&#8221;Abhaya Libre||||||||&#8221; text_font_size=&#8221;18px&#8221; width=&#8221;100%&#8221; module_alignment=&#8221;left&#8221; custom_margin=&#8221;|54px||||&#8221; custom_padding=&#8221;40px||0px|30px|false|false&#8221; custom_padding_tablet=&#8221;40px||0px|30px|false|false&#8221; custom_padding_phone=&#8221;40px||0px|30px|false|false&#8221; custom_padding_last_edited=&#8221;on|desktop&#8221; animation_style=&#8221;fade&#8221; animation_speed_curve=&#8221;ease-in&#8221; border_radii=&#8221;off||12px|12px|&#8221; border_color_all=&#8221;#E09900&#8243; border_width_left=&#8221;0px&#8221; global_colors_info=&#8221;{}&#8221;]<\/p>\n<h4 style=\"padding-left: 40px;\"><span style=\"color: #993300;\">PARISKUNTA- JA ODOTUSKUVAUS <\/span><\/h4>\n<h4 style=\"padding-left: 40px;\"><span style=\"color: #993300;\">60 MIN<\/span><\/h4>\n<h4 style=\"padding-left: 40px;\"><span style=\"color: #993300;\">25 KUVAA &#8211; 200\u20ac<\/span><\/h4>\n<p><span style=\"font-weight: 400;\"><\/span><\/p>\n<p><span style=\"font-weight: 400;\">Haluatteko ikuistaa rakkautenne valokuviin? Oletteko juuri menneet kihloihin ja yhteinen uusi tulevaisuus on alkamassa? Onko el\u00e4m\u00e4nne muuttumassa suurimmalla mahdollisella tavalla ja haluatte ikuistaa raskauden ihmeen? Tulkaa yhdess\u00e4 ja antakaa rakkautenne n\u00e4ky\u00e4. Tehd\u00e4\u00e4n valokuvaushetkest\u00e4 rentoa ja hauskaa, teid\u00e4n n\u00e4k\u00f6ist\u00e4.<\/span><\/p>\n<p><span style=\"font-weight: 400;\">Odotuskuvia voidaan ottaa my\u00f6s pelk\u00e4st\u00e4\u00e4n odottavan \u00e4idin kanssa. Tarjoan turvallisen ja lempe\u00e4n paikan olla juuri sin\u00e4.<\/span><\/p>\n<p>&nbsp;<\/p>\n<p>[\/et_pb_text][\/et_pb_column][\/et_pb_row][et_pb_row column_structure=&#8221;1_2,1_2&#8243; use_custom_gutter=&#8221;on&#8221; gutter_width=&#8221;1&#8243; make_equal=&#8221;on&#8221; custom_padding_last_edited=&#8221;on|phone&#8221; admin_label=&#8221;Potretti&#8221; _builder_version=&#8221;4.21.0&#8243; _module_preset=&#8221;default&#8221; width=&#8221;39%&#8221; width_tablet=&#8221;39%&#8221; width_phone=&#8221;90%&#8221; width_last_edited=&#8221;on|phone&#8221; custom_padding=&#8221;|0px||0px|false|true&#8221; custom_padding_tablet=&#8221;|0px||0px|false|true&#8221; custom_padding_phone=&#8221;|0px||0px|false|true&#8221; global_colors_info=&#8221;{}&#8221;][et_pb_column type=&#8221;1_2&#8243; _builder_version=&#8221;4.21.0&#8243; _module_preset=&#8221;default&#8221; global_colors_info=&#8221;{}&#8221;][et_pb_image src=&#8221;https:\/\/ellutanskanen.fi\/wp-content\/uploads\/2026\/01\/Elina.Tanskanen-45-scaled.jpg&#8221; title_text=&#8221;Elina.Tanskanen-45&#8243; show_in_lightbox=&#8221;on&#8221; align=&#8221;center&#8221; force_fullwidth=&#8221;on&#8221; align_tablet=&#8221;center&#8221; align_phone=&#8221;center&#8221; align_last_edited=&#8221;on|phone&#8221; _builder_version=&#8221;4.21.0&#8243; _module_preset=&#8221;default&#8221; width_tablet=&#8221;&#8221; width_phone=&#8221;&#8221; width_last_edited=&#8221;on|phone&#8221; module_alignment=&#8221;right&#8221; custom_margin_tablet=&#8221;&#8221; custom_margin_phone=&#8221;&#8221; custom_margin_last_edited=&#8221;on|phone&#8221; custom_padding=&#8221;|0px|||false|false&#8221; animation_style=&#8221;fade&#8221; animation_speed_curve=&#8221;ease-in&#8221; module_alignment_tablet=&#8221;right&#8221; module_alignment_phone=&#8221;center&#8221; module_alignment_last_edited=&#8221;on|phone&#8221; global_colors_info=&#8221;{}&#8221;][\/et_pb_image][\/et_pb_column][et_pb_column type=&#8221;1_2&#8243; _builder_version=&#8221;4.21.0&#8243; _module_preset=&#8221;default&#8221; global_colors_info=&#8221;{}&#8221;][et_pb_text _builder_version=&#8221;4.21.0&#8243; _module_preset=&#8221;default&#8221; text_font=&#8221;Abhaya Libre||||||||&#8221; text_font_size=&#8221;18px&#8221; width=&#8221;100%&#8221; module_alignment=&#8221;left&#8221; custom_margin=&#8221;|54px||||&#8221; custom_padding=&#8221;40px||0px|30px|false|false&#8221; custom_padding_tablet=&#8221;40px||0px|30px|false|false&#8221; custom_padding_phone=&#8221;40px||0px|30px|false|false&#8221; custom_padding_last_edited=&#8221;on|desktop&#8221; animation_style=&#8221;fade&#8221; animation_speed_curve=&#8221;ease-in&#8221; border_radii=&#8221;off||12px|12px|&#8221; border_color_all=&#8221;#E09900&#8243; border_width_left=&#8221;0px&#8221; global_colors_info=&#8221;{}&#8221;]<\/p>\n<h4 style=\"padding-left: 40px;\"><span style=\"color: #993300;\">PERHE- JA LAPSIKUVAUS <\/span><\/h4>\n<h4 style=\"padding-left: 40px;\"><span style=\"color: #993300;\">60 MIN<\/span><\/h4>\n<h4 style=\"padding-left: 40px;\"><span style=\"color: #993300;\">25 KUVAA &#8211; 200\u20ac<\/span><\/h4>\n<p><span style=\"font-weight: 400;\"><\/span><\/p>\n<p><span style=\"font-weight: 400;\">Se mik\u00e4 on kaikista t\u00e4rkein, perhe. <\/span><\/p>\n<p><span style=\"font-weight: 400;\">Iloa, naurua, vilskett\u00e4, touhua, rakkautta, kyyneli\u00e4. <\/span><\/p>\n<p><span style=\"font-weight: 400;\">Olkaa juuri teid\u00e4n perhe niin min\u00e4 ikuistan teid\u00e4t valokuviin, joihin palata vuosienkin j\u00e4lkeen. Kuvaan mielell\u00e4ni koko teid\u00e4n perheen, mutta halutessanne kuvauksissa voidaan keskitty\u00e4 my\u00f6s pelk\u00e4st\u00e4\u00e4n lapsiin.<\/span><\/p>\n<p>[\/et_pb_text][\/et_pb_column][\/et_pb_row][et_pb_row column_structure=&#8221;1_2,1_2&#8243; use_custom_gutter=&#8221;on&#8221; gutter_width=&#8221;1&#8243; make_equal=&#8221;on&#8221; custom_padding_last_edited=&#8221;on|phone&#8221; admin_label=&#8221;Potretti&#8221; _builder_version=&#8221;4.21.0&#8243; _module_preset=&#8221;default&#8221; width=&#8221;39%&#8221; width_tablet=&#8221;39%&#8221; width_phone=&#8221;90%&#8221; width_last_edited=&#8221;on|phone&#8221; custom_padding=&#8221;|0px||0px|false|true&#8221; custom_padding_tablet=&#8221;|0px||0px|false|true&#8221; custom_padding_phone=&#8221;|0px||0px|false|true&#8221; global_colors_info=&#8221;{}&#8221;][et_pb_column type=&#8221;1_2&#8243; _builder_version=&#8221;4.21.0&#8243; _module_preset=&#8221;default&#8221; global_colors_info=&#8221;{}&#8221;][et_pb_image src=&#8221;https:\/\/ellutanskanen.fi\/wp-content\/uploads\/2025\/07\/hinnastoon_newborn-scaled.jpg&#8221; title_text=&#8221;hinnastoon_newborn&#8221; show_in_lightbox=&#8221;on&#8221; align=&#8221;center&#8221; force_fullwidth=&#8221;on&#8221; align_tablet=&#8221;center&#8221; align_phone=&#8221;center&#8221; align_last_edited=&#8221;on|phone&#8221; _builder_version=&#8221;4.21.0&#8243; _module_preset=&#8221;default&#8221; width_tablet=&#8221;&#8221; width_phone=&#8221;&#8221; width_last_edited=&#8221;on|phone&#8221; module_alignment=&#8221;right&#8221; custom_margin_tablet=&#8221;&#8221; custom_margin_phone=&#8221;&#8221; custom_margin_last_edited=&#8221;on|phone&#8221; custom_padding=&#8221;|0px|||false|false&#8221; animation_style=&#8221;fade&#8221; animation_speed_curve=&#8221;ease-in&#8221; module_alignment_tablet=&#8221;right&#8221; module_alignment_phone=&#8221;center&#8221; module_alignment_last_edited=&#8221;on|phone&#8221; global_colors_info=&#8221;{}&#8221;][\/et_pb_image][\/et_pb_column][et_pb_column type=&#8221;1_2&#8243; _builder_version=&#8221;4.21.0&#8243; _module_preset=&#8221;default&#8221; global_colors_info=&#8221;{}&#8221;][et_pb_text _builder_version=&#8221;4.21.0&#8243; _module_preset=&#8221;default&#8221; text_font=&#8221;Abhaya Libre||||||||&#8221; text_font_size=&#8221;18px&#8221; width=&#8221;100%&#8221; module_alignment=&#8221;left&#8221; custom_margin=&#8221;|54px||||&#8221; custom_padding=&#8221;40px||0px|30px|false|false&#8221; custom_padding_tablet=&#8221;40px||0px|30px|false|false&#8221; custom_padding_phone=&#8221;40px||0px|30px|false|false&#8221; custom_padding_last_edited=&#8221;on|desktop&#8221; animation_style=&#8221;fade&#8221; animation_speed_curve=&#8221;ease-in&#8221; border_radii=&#8221;off||12px|12px|&#8221; border_color_all=&#8221;#E09900&#8243; border_width_left=&#8221;0px&#8221; global_colors_info=&#8221;{}&#8221;]<\/p>\n<h4 style=\"padding-left: 40px;\"><span style=\"color: #993300;\">NEWBORN-KUVAUS<\/span><\/h4>\n<h4 style=\"padding-left: 40px;\"><span style=\"color: #993300;\">n. 2 H<\/span><\/h4>\n<h4 style=\"padding-left: 40px;\"><span style=\"color: #993300;\">KOKO GALLERIA\u00a0 &#8211; 280\u20ac<\/span><\/h4>\n<p><span style=\"font-weight: 400;\"><\/span><\/p>\n<p><span style=\"font-weight: 400;\">Rauhallinen, vastasyntyneen tahtinen kuvaushetki 1-6 viikkoiselle vauvalle ja halutessanne koko teid\u00e4n perheelle kotonanne. Valokuvaushetkess\u00e4 edet\u00e4\u00e4n pienen vauvan tahdissa. Sylittely\u00e4, sy\u00f6tt\u00e4mist\u00e4, vaipan vaihtoa, kaikki on sallittua. Ikuistetaan h\u00e4nen, teid\u00e4n ihmeenne yksityiskohdat sek\u00e4 ensiviikkojen onni ja tietynlainen hauraus.\u00a0<\/span><\/p>\n<p><span style=\"font-weight: 400;\">Halutessanne voimme keskitty\u00e4 vain vauvan kuvaukseen, mutta my\u00f6s dokumentaarisempi kuvaus kodissanne luo aivan ihania ja ainutlaatuisia valokuvia niist\u00e4 pienist\u00e4 vauvan hoidon ja huolenpidon hetkist\u00e4.\u00a0<\/span><\/p>\n<p><span style=\"font-weight: 400;\">Olen ammatiltani terveydenhoitaja ja olen vuosia ty\u00f6skennellyt neuvolassa lapsiperheiden kanssa. Vastasyntyneiden kohtaaminen ja lempe\u00e4 k\u00e4sittely sek\u00e4 yht\u00e4 t\u00e4rke\u00e4n\u00e4 vastasyntyneen vauvan vanhempien kohtaaminen on minulle hyvin t\u00e4rke\u00e4\u00e4. <\/span><\/p>\n<p><span style=\"font-weight: 400;\">Ymm\u00e4rr\u00e4n ensiviikkojen tunnemyrskyt, suurimmat onnet ja pys\u00e4ytt\u00e4v\u00e4t pelot. Kanssani ei tarvitse j\u00e4nnitt\u00e4\u00e4 vaan voitte olla omia itsej\u00e4nne. Halutessanne voimme samalla my\u00f6s keskustella vauvan hoitoon ja vanhemmaksi tuloon liittyvist\u00e4 teemoista. Juttelen ja kuuntelen niist\u00e4 aiheista enemm\u00e4n kuin mielell\u00e4ni.\u00a0<\/span><\/p>\n<p>[\/et_pb_text][\/et_pb_column][\/et_pb_row][et_pb_row _builder_version=&#8221;4.21.0&#8243; _module_preset=&#8221;default&#8221; global_colors_info=&#8221;{}&#8221;][et_pb_column type=&#8221;4_4&#8243; _builder_version=&#8221;4.21.0&#8243; _module_preset=&#8221;default&#8221; global_colors_info=&#8221;{}&#8221;][et_pb_text _builder_version=&#8221;4.21.0&#8243; _dynamic_attributes=&#8221;link_option_url&#8221; _module_preset=&#8221;default&#8221; text_font=&#8221;Abhaya Libre||||||||&#8221; text_font_size=&#8221;33px&#8221; text_letter_spacing=&#8221;13px&#8221; header_2_font=&#8221;Abhaya Libre|||||on|||&#8221; header_2_text_align=&#8221;center&#8221; header_2_font_size=&#8221;35px&#8221; header_4_font=&#8221;Abhaya Libre||||||||&#8221; header_4_font_size=&#8221;21px&#8221; header_4_letter_spacing=&#8221;3px&#8221; text_orientation=&#8221;center&#8221; custom_margin=&#8221;||70px||false|false&#8221; animation_style=&#8221;fade&#8221; animation_speed_curve=&#8221;ease-in&#8221; link_option_url=&#8221;@ET-DC@eyJkeW5hbWljIjp0cnVlLCJjb250ZW50IjoicG9zdF9saW5rX3VybF9wYWdlIiwic2V0dGluZ3MiOnsicG9zdF9pZCI6IjQ1MSJ9fQ==@&#8221; global_colors_info=&#8221;{}&#8221;]<\/p>\n<h4><span style=\"color: #993300;\">H\u00c4\u00c4KUVAUSPAKETIT<\/span><\/h4>\n<p>[\/et_pb_text][et_pb_text _builder_version=&#8221;4.21.0&#8243; _module_preset=&#8221;default&#8221; text_font=&#8221;Abhaya Libre||||||||&#8221; text_font_size=&#8221;13px&#8221; text_letter_spacing=&#8221;1px&#8221; text_line_height=&#8221;1em&#8221; header_2_font=&#8221;Abhaya Libre|||||on|||&#8221; header_2_text_align=&#8221;center&#8221; header_2_font_size=&#8221;35px&#8221; header_4_font=&#8221;Abhaya Libre||||||||&#8221; header_4_font_size=&#8221;21px&#8221; header_4_letter_spacing=&#8221;3px&#8221; text_orientation=&#8221;center&#8221; animation_style=&#8221;fade&#8221; animation_speed_curve=&#8221;ease-in&#8221; global_colors_info=&#8221;{}&#8221;]<\/p>\n<p><span style=\"font-weight: 400;\">Kaikki yll\u00e4 olevat hinnat sis\u00e4lt\u00e4v\u00e4t alv 25,5%<\/span><\/p>\n<p><span style=\"font-weight: 400;\">Yksitt\u00e4iset lis\u00e4kuvat 10\u20ac \/kpl<\/span><\/p>\n<p><span style=\"font-weight: 400;\">Teen mielell\u00e4ni my\u00f6s yrityskuvauksia, olethan silloin yhteydess\u00e4 ja luodaan teille sopiva kokonaisuus.<\/span><\/p>\n<p><span style=\"font-weight: 400;\">Hausj\u00e4rven, Riihim\u00e4en ja Hyvink\u00e4\u00e4n ulkopuolisiin kuvauksiin lis\u00e4t\u00e4\u00e4n kilometrikorvaus 0,57\u20ac\/km.<\/span><\/p>\n<p><span style=\"font-weight: 400;\">Luethan kuvausehdot ennen valokuvauksen varaamista, kiitos! <\/span><\/p>\n<p>[\/et_pb_text][et_pb_text _builder_version=&#8221;4.21.0&#8243; _dynamic_attributes=&#8221;link_option_url&#8221; _module_preset=&#8221;default&#8221; text_font=&#8221;Abhaya Libre||||||||&#8221; text_font_size=&#8221;33px&#8221; text_letter_spacing=&#8221;13px&#8221; header_2_font=&#8221;Abhaya Libre|||||on|||&#8221; header_2_text_align=&#8221;center&#8221; header_2_font_size=&#8221;35px&#8221; header_4_font=&#8221;Abhaya Libre||||||||&#8221; header_4_font_size=&#8221;21px&#8221; header_4_letter_spacing=&#8221;3px&#8221; text_orientation=&#8221;center&#8221; animation_style=&#8221;fade&#8221; animation_speed_curve=&#8221;ease-in&#8221; link_option_url=&#8221;@ET-DC@eyJkeW5hbWljIjp0cnVlLCJjb250ZW50IjoicG9zdF9saW5rX3VybF9wYWdlIiwic2V0dGluZ3MiOnsicG9zdF9pZCI6IjUxNiJ9fQ==@&#8221; global_colors_info=&#8221;{}&#8221;]<\/p>\n<h4><span style=\"color: #993300;\">Kuvausehdot<\/span><\/h4>\n<p>[\/et_pb_text][\/et_pb_column][\/et_pb_row][\/et_pb_section]<\/p>\n","protected":false},"excerpt":{"rendered":"<p>Kuvauspaketit &amp; HinnastoPOTRETTIKUVAUS 60 MIN 10 KUVAA &#8211; 150\u20ac Yksil\u00f6n ikuistaminen ja juuri sen hetken pys\u00e4ytt\u00e4minen kuviin. Esimerkiksi kuvat ripille p\u00e4\u00e4sev\u00e4st\u00e4 nuoresta, koulusta valmistuneesta tai vain juuri sinusta, koska olet niin upea juuri sellaisena kuin olet.\u00a0PARISKUNTA- JA ODOTUSKUVAUS 60 MIN 25 KUVAA &#8211; 200\u20ac Haluatteko ikuistaa rakkautenne valokuviin? Oletteko juuri menneet kihloihin ja yhteinen uusi [&hellip;]<\/p>\n","protected":false},"author":2,"featured_media":0,"parent":0,"menu_order":0,"comment_status":"closed","ping_status":"closed","template":"","meta":{"_et_pb_use_builder":"on","_et_pb_old_content":"","_et_gb_content_width":"","footnotes":""},"class_list":["post-24","page","type-page","status-publish","hentry"],"yoast_head":"<!-- This site is optimized with the Yoast SEO plugin v27.4 - https:\/\/yoast.com\/product\/yoast-seo-wordpress\/ -->\n<title>Kuvauspaketit &amp; Hinnasto - Elina Tanskanen valokuvaus<\/title>\n<meta name=\"robots\" content=\"index, follow, max-snippet:-1, max-image-preview:large, max-video-preview:-1\" \/>\n<link rel=\"canonical\" href=\"https:\/\/ellutanskanen.fi\/?page_id=24\" \/>\n<meta property=\"og:locale\" content=\"fi_FI\" \/>\n<meta property=\"og:type\" content=\"article\" \/>\n<meta property=\"og:title\" content=\"Kuvauspaketit &amp; Hinnasto - Elina Tanskanen valokuvaus\" \/>\n<meta property=\"og:description\" content=\"Kuvauspaketit &amp; HinnastoPOTRETTIKUVAUS 60 MIN 10 KUVAA - 150\u20ac Yksil\u00f6n ikuistaminen ja juuri sen hetken pys\u00e4ytt\u00e4minen kuviin. Esimerkiksi kuvat ripille p\u00e4\u00e4sev\u00e4st\u00e4 nuoresta, koulusta valmistuneesta tai vain juuri sinusta, koska olet niin upea juuri sellaisena kuin olet.\u00a0PARISKUNTA- JA ODOTUSKUVAUS 60 MIN 25 KUVAA - 200\u20ac Haluatteko ikuistaa rakkautenne valokuviin? Oletteko juuri menneet kihloihin ja yhteinen uusi [&hellip;]\" \/>\n<meta property=\"og:url\" content=\"https:\/\/ellutanskanen.fi\/?page_id=24\" \/>\n<meta property=\"og:site_name\" content=\"Elina Tanskanen valokuvaus\" \/>\n<meta property=\"article:modified_time\" content=\"2026-01-28T19:40:35+00:00\" \/>\n<meta name=\"twitter:card\" content=\"summary_large_image\" \/>\n<meta name=\"twitter:label1\" content=\"Arvioitu lukuaika\" \/>\n\t<meta name=\"twitter:data1\" content=\"9 minuuttia\" \/>\n<script type=\"application\/ld+json\" class=\"yoast-schema-graph\">{\"@context\":\"https:\\\/\\\/schema.org\",\"@graph\":[{\"@type\":\"WebPage\",\"@id\":\"https:\\\/\\\/ellutanskanen.fi\\\/?page_id=24\",\"url\":\"https:\\\/\\\/ellutanskanen.fi\\\/?page_id=24\",\"name\":\"Kuvauspaketit & Hinnasto - Elina Tanskanen valokuvaus\",\"isPartOf\":{\"@id\":\"https:\\\/\\\/ellutanskanen.fi\\\/#website\"},\"datePublished\":\"2025-05-02T12:09:55+00:00\",\"dateModified\":\"2026-01-28T19:40:35+00:00\",\"breadcrumb\":{\"@id\":\"https:\\\/\\\/ellutanskanen.fi\\\/?page_id=24#breadcrumb\"},\"inLanguage\":\"fi\",\"potentialAction\":[{\"@type\":\"ReadAction\",\"target\":[\"https:\\\/\\\/ellutanskanen.fi\\\/?page_id=24\"]}]},{\"@type\":\"BreadcrumbList\",\"@id\":\"https:\\\/\\\/ellutanskanen.fi\\\/?page_id=24#breadcrumb\",\"itemListElement\":[{\"@type\":\"ListItem\",\"position\":1,\"name\":\"Home\",\"item\":\"https:\\\/\\\/ellutanskanen.fi\\\/\"},{\"@type\":\"ListItem\",\"position\":2,\"name\":\"Kuvauspaketit &#038; Hinnasto\"}]},{\"@type\":\"WebSite\",\"@id\":\"https:\\\/\\\/ellutanskanen.fi\\\/#website\",\"url\":\"https:\\\/\\\/ellutanskanen.fi\\\/\",\"name\":\"Elina Tanskanen valokuvaus\",\"description\":\"\",\"potentialAction\":[{\"@type\":\"SearchAction\",\"target\":{\"@type\":\"EntryPoint\",\"urlTemplate\":\"https:\\\/\\\/ellutanskanen.fi\\\/?s={search_term_string}\"},\"query-input\":{\"@type\":\"PropertyValueSpecification\",\"valueRequired\":true,\"valueName\":\"search_term_string\"}}],\"inLanguage\":\"fi\"}]}<\/script>\n<!-- \/ Yoast SEO plugin. -->","yoast_head_json":{"title":"Kuvauspaketit & Hinnasto - Elina Tanskanen valokuvaus","robots":{"index":"index","follow":"follow","max-snippet":"max-snippet:-1","max-image-preview":"max-image-preview:large","max-video-preview":"max-video-preview:-1"},"canonical":"https:\/\/ellutanskanen.fi\/?page_id=24","og_locale":"fi_FI","og_type":"article","og_title":"Kuvauspaketit & Hinnasto - Elina Tanskanen valokuvaus","og_description":"Kuvauspaketit &amp; HinnastoPOTRETTIKUVAUS 60 MIN 10 KUVAA - 150\u20ac Yksil\u00f6n ikuistaminen ja juuri sen hetken pys\u00e4ytt\u00e4minen kuviin. Esimerkiksi kuvat ripille p\u00e4\u00e4sev\u00e4st\u00e4 nuoresta, koulusta valmistuneesta tai vain juuri sinusta, koska olet niin upea juuri sellaisena kuin olet.\u00a0PARISKUNTA- JA ODOTUSKUVAUS 60 MIN 25 KUVAA - 200\u20ac Haluatteko ikuistaa rakkautenne valokuviin? Oletteko juuri menneet kihloihin ja yhteinen uusi [&hellip;]","og_url":"https:\/\/ellutanskanen.fi\/?page_id=24","og_site_name":"Elina Tanskanen valokuvaus","article_modified_time":"2026-01-28T19:40:35+00:00","twitter_card":"summary_large_image","twitter_misc":{"Arvioitu lukuaika":"9 minuuttia"},"schema":{"@context":"https:\/\/schema.org","@graph":[{"@type":"WebPage","@id":"https:\/\/ellutanskanen.fi\/?page_id=24","url":"https:\/\/ellutanskanen.fi\/?page_id=24","name":"Kuvauspaketit & Hinnasto - Elina Tanskanen valokuvaus","isPartOf":{"@id":"https:\/\/ellutanskanen.fi\/#website"},"datePublished":"2025-05-02T12:09:55+00:00","dateModified":"2026-01-28T19:40:35+00:00","breadcrumb":{"@id":"https:\/\/ellutanskanen.fi\/?page_id=24#breadcrumb"},"inLanguage":"fi","potentialAction":[{"@type":"ReadAction","target":["https:\/\/ellutanskanen.fi\/?page_id=24"]}]},{"@type":"BreadcrumbList","@id":"https:\/\/ellutanskanen.fi\/?page_id=24#breadcrumb","itemListElement":[{"@type":"ListItem","position":1,"name":"Home","item":"https:\/\/ellutanskanen.fi\/"},{"@type":"ListItem","position":2,"name":"Kuvauspaketit &#038; Hinnasto"}]},{"@type":"WebSite","@id":"https:\/\/ellutanskanen.fi\/#website","url":"https:\/\/ellutanskanen.fi\/","name":"Elina Tanskanen valokuvaus","description":"","potentialAction":[{"@type":"SearchAction","target":{"@type":"EntryPoint","urlTemplate":"https:\/\/ellutanskanen.fi\/?s={search_term_string}"},"query-input":{"@type":"PropertyValueSpecification","valueRequired":true,"valueName":"search_term_string"}}],"inLanguage":"fi"}]}},"_links":{"self":[{"href":"https:\/\/ellutanskanen.fi\/index.php?rest_route=\/wp\/v2\/pages\/24","targetHints":{"allow":["GET"]}}],"collection":[{"href":"https:\/\/ellutanskanen.fi\/index.php?rest_route=\/wp\/v2\/pages"}],"about":[{"href":"https:\/\/ellutanskanen.fi\/index.php?rest_route=\/wp\/v2\/types\/page"}],"author":[{"embeddable":true,"href":"https:\/\/ellutanskanen.fi\/index.php?rest_route=\/wp\/v2\/users\/2"}],"replies":[{"embeddable":true,"href":"https:\/\/ellutanskanen.fi\/index.php?rest_route=%2Fwp%2Fv2%2Fcomments&post=24"}],"version-history":[{"count":31,"href":"https:\/\/ellutanskanen.fi\/index.php?rest_route=\/wp\/v2\/pages\/24\/revisions"}],"predecessor-version":[{"id":932,"href":"https:\/\/ellutanskanen.fi\/index.php?rest_route=\/wp\/v2\/pages\/24\/revisions\/932"}],"wp:attachment":[{"href":"https:\/\/ellutanskanen.fi\/index.php?rest_route=%2Fwp%2Fv2%2Fmedia&parent=24"}],"curies":[{"name":"wp","href":"https:\/\/api.w.org\/{rel}","templated":true}]}}