{"id":16,"date":"2025-05-02T12:08:58","date_gmt":"2025-05-02T12:08:58","guid":{"rendered":"https:\/\/ellutanskanen.fi\/?page_id=16"},"modified":"2025-07-07T10:48:44","modified_gmt":"2025-07-07T10:48:44","slug":"ellu","status":"publish","type":"page","link":"https:\/\/ellutanskanen.fi\/?page_id=16","title":{"rendered":"Ellu"},"content":{"rendered":"<p>[et_pb_section fb_built=&#8221;1&#8243; admin_label=&#8221;Otsikko&#8221; _builder_version=&#8221;4.21.0&#8243; _module_preset=&#8221;default&#8221; custom_padding=&#8221;0px|||||&#8221; global_colors_info=&#8221;{}&#8221;][et_pb_row _builder_version=&#8221;4.21.0&#8243; _module_preset=&#8221;default&#8221; custom_padding=&#8221;||20px|||&#8221; global_colors_info=&#8221;{}&#8221;][et_pb_column type=&#8221;4_4&#8243; _builder_version=&#8221;4.21.0&#8243; _module_preset=&#8221;default&#8221; global_colors_info=&#8221;{}&#8221;][et_pb_text content_tablet=&#8221;<\/p>\n<h1>Heippa, ihana kun oot t\u00e4\u00e4ll\u00e4!<\/h1>\n<p>&#8221; content_phone=&#8221;<\/p>\n<h1>Heippa,<\/h1>\n<h1>ihana kun oot t\u00e4\u00e4ll\u00e4!<\/h1>\n<p>&#8221; content_last_edited=&#8221;on|phone&#8221; _builder_version=&#8221;4.21.0&#8243; _module_preset=&#8221;default&#8221; text_font=&#8221;Abhaya Libre||||||||&#8221; header_font=&#8221;Abhaya Libre||||||||&#8221; text_orientation=&#8221;center&#8221; custom_margin=&#8221;14px||21px||false|false&#8221; custom_margin_tablet=&#8221;14px||21px||false|false&#8221; custom_margin_phone=&#8221;14px||21px||false|false&#8221; custom_margin_last_edited=&#8221;on|desktop&#8221; hover_enabled=&#8221;0&#8243; header_font_size_tablet=&#8221;&#8221; header_font_size_phone=&#8221;27px&#8221; header_font_size_last_edited=&#8221;on|phone&#8221; global_colors_info=&#8221;{}&#8221; animation_style=&#8221;fade&#8221; animation_speed_curve=&#8221;ease-in&#8221; sticky_enabled=&#8221;0&#8243;]<\/p>\n<h1>Heippa, ihana kun oot t\u00e4\u00e4ll\u00e4!<\/h1>\n<p>[\/et_pb_text][\/et_pb_column][\/et_pb_row][\/et_pb_section][et_pb_section fb_built=&#8221;1&#8243; admin_label=&#8221;Esittely&#8221; _builder_version=&#8221;4.21.0&#8243; _module_preset=&#8221;default&#8221; min_height=&#8221;674.4px&#8221; custom_margin=&#8221;-98px|||||&#8221; custom_padding=&#8221;0px||2px|||&#8221; global_colors_info=&#8221;{}&#8221;][et_pb_row column_structure=&#8221;1_2,1_2&#8243; use_custom_gutter=&#8221;on&#8221; _builder_version=&#8221;4.21.0&#8243; _module_preset=&#8221;default&#8221; width=&#8221;100%&#8221; min_height=&#8221;554.4px&#8221; custom_padding=&#8221;||||false|false&#8221; module_alignment_tablet=&#8221;&#8221; module_alignment_phone=&#8221;right&#8221; module_alignment_last_edited=&#8221;on|phone&#8221; global_colors_info=&#8221;{}&#8221;][et_pb_column type=&#8221;1_2&#8243; _builder_version=&#8221;4.21.0&#8243; _module_preset=&#8221;default&#8221; global_colors_info=&#8221;{}&#8221;][et_pb_image src=&#8221;https:\/\/ellutanskanen.fi\/wp-content\/uploads\/2025\/07\/Ellu-1-scaled.jpg&#8221; title_text=&#8221;Ellu (1)&#8221; show_bottom_space_tablet=&#8221;&#8221; show_bottom_space_phone=&#8221;&#8221; show_bottom_space_last_edited=&#8221;on|desktop&#8221; align_tablet=&#8221;&#8221; align_phone=&#8221;center&#8221; align_last_edited=&#8221;on|desktop&#8221; _builder_version=&#8221;4.21.0&#8243; _module_preset=&#8221;default&#8221; width=&#8221;64%&#8221; width_tablet=&#8221;64%&#8221; width_phone=&#8221;100%&#8221; width_last_edited=&#8221;on|phone&#8221; module_alignment=&#8221;right&#8221; custom_padding=&#8221;|0px|0px|193px|false|false&#8221; custom_padding_tablet=&#8221;|0px|0px|193px|false|false&#8221; custom_padding_phone=&#8221;|0px||0px|false|true&#8221; custom_padding_last_edited=&#8221;on|phone&#8221; animation_style=&#8221;fade&#8221; animation_starting_opacity=&#8221;100%&#8221; animation_speed_curve=&#8221;ease-in&#8221; module_alignment_tablet=&#8221;right&#8221; module_alignment_phone=&#8221;center&#8221; module_alignment_last_edited=&#8221;on|phone&#8221; animation_duration_tablet=&#8221;&#8221; animation_duration_phone=&#8221;1000ms&#8221; animation_duration_last_edited=&#8221;on|desktop&#8221; animation_starting_opacity_tablet=&#8221;100%&#8221; animation_starting_opacity_phone=&#8221;0%&#8221; animation_starting_opacity_last_edited=&#8221;on|phone&#8221; global_colors_info=&#8221;{}&#8221;][\/et_pb_image][\/et_pb_column][et_pb_column type=&#8221;1_2&#8243; _builder_version=&#8221;4.21.0&#8243; _module_preset=&#8221;default&#8221; global_colors_info=&#8221;{}&#8221;][et_pb_text _builder_version=&#8221;4.21.0&#8243; _module_preset=&#8221;default&#8221; text_font=&#8221;Abhaya Libre||||||||&#8221; text_font_size=&#8221;17px&#8221; text_letter_spacing=&#8221;1px&#8221; text_line_height=&#8221;1em&#8221; text_orientation=&#8221;center&#8221; custom_margin=&#8221;0px||||false|false&#8221; custom_margin_tablet=&#8221;0px||||false|false&#8221; custom_margin_phone=&#8221;0px||||false|false&#8221; custom_margin_last_edited=&#8221;on|desktop&#8221; custom_padding=&#8221;20px|42px||42px|false|true&#8221; animation_style=&#8221;fade&#8221; animation_starting_opacity=&#8221;100%&#8221; animation_starting_opacity_tablet=&#8221;100%&#8221; animation_starting_opacity_phone=&#8221;0%&#8221; animation_starting_opacity_last_edited=&#8221;on|phone&#8221; global_colors_info=&#8221;{}&#8221;]<\/p>\n<p><span style=\"font-weight: 400;\">M\u00e4 oon Elina eli Ellu. <\/span><\/p>\n<p><span style=\"font-weight: 400;\">Oon iloa ja naurua ymp\u00e4rilleen haluava ja tuova kahden pienen pojan \u00e4iti. Asun Hausj\u00e4rvell\u00e4 maaseudulla ja kuvailen p\u00e4\u00e4asiassa Etel\u00e4-Suomessa.<\/span><\/p>\n<p><span style=\"font-weight: 400;\">Mun unelma on valokuvata ihmisi\u00e4; lapsia, vauvoja, perheit\u00e4, pariskuntia, odottavia \u00e4itej\u00e4, upeita yksil\u00f6it\u00e4. Tallentaa suuret ja etenkin ne pienet hetket. Haluan luoda hetken, jossa voitte olla t\u00e4ysin omia itsej\u00e4nne, uppoutua toisiinne ja huomata, kuinka ainutlaatuista t\u00e4m\u00e4 kaikki on.\u00a0<\/span><\/p>\n<p><span style=\"font-weight: 400;\"><\/span><\/p>\n<p><span style=\"font-weight: 400;\">Valokuvaamisen lis\u00e4ksi ty\u00f6skentelen neuvolassa terveydenhoitajana. Erilaisten perheiden, vauvojen ja pienten lasten sek\u00e4 odottavien \u00e4itien kohtaaminen on minulle hyvin l\u00e4hell\u00e4 syd\u00e4nt\u00e4 ja koen sen olevan yksi vahvuuksistani.\u00a0<\/span><\/p>\n<p><span style=\"font-weight: 400;\"><\/span><\/p>\n<p><span style=\"font-weight: 400;\">Haluan rohkaista ihmisi\u00e4 tulemaan kameran eteen juuri sellaisena kuin olette. N\u00e4ytt\u00e4\u00e4 jokaisessa ihmisess\u00e4 olevan kauneuden. Taltioida hetket, joita ei en\u00e4\u00e4 ikin\u00e4 tule uusintana juuri sellaisina kuin ne siin\u00e4 hetkess\u00e4 on. <\/span><\/p>\n<p><span style=\"font-weight: 400;\">Haluan kohdata ihmiset, sinut, teid\u00e4t. Haluan kehua ja kannustaa, nauraa tai itke\u00e4. Kaikki k\u00e4y. Kunhan oot sin\u00e4.<\/span><\/p>\n<p><span style=\"font-weight: 400;\"><\/span><\/p>\n<p><span style=\"font-weight: 400;\">Kuvaan luonnonvaloa hy\u00f6dynt\u00e4en erilaisissa milj\u00f6iss\u00e4 tai tunnelmallisesti kotonanne. Oman kotini pihapiiri on my\u00f6s k\u00e4ytett\u00e4viss\u00e4 kuvauspaikkana. Jos siis maalaismaisema peltojen ja mets\u00e4n keskell\u00e4 tuntuu omalta, kuvaan teid\u00e4t enemm\u00e4n kuin mielell\u00e4ni t\u00e4\u00e4ll\u00e4 meill\u00e4 Hausj\u00e4rvell\u00e4.<\/span><\/p>\n<p>[\/et_pb_text][\/et_pb_column][\/et_pb_row][\/et_pb_section]<\/p>\n","protected":false},"excerpt":{"rendered":"<p>Heippa, ihana kun oot t\u00e4\u00e4ll\u00e4!M\u00e4 oon Elina eli Ellu. Oon iloa ja naurua ymp\u00e4rilleen haluava ja tuova kahden pienen pojan \u00e4iti. Asun Hausj\u00e4rvell\u00e4 maaseudulla ja kuvailen p\u00e4\u00e4asiassa Etel\u00e4-Suomessa. Mun unelma on valokuvata ihmisi\u00e4; lapsia, vauvoja, perheit\u00e4, pariskuntia, odottavia \u00e4itej\u00e4, upeita yksil\u00f6it\u00e4. Tallentaa suuret ja etenkin ne pienet hetket. Haluan luoda hetken, jossa voitte olla t\u00e4ysin [&hellip;]<\/p>\n","protected":false},"author":2,"featured_media":0,"parent":0,"menu_order":0,"comment_status":"closed","ping_status":"closed","template":"","meta":{"_et_pb_use_builder":"on","_et_pb_old_content":"","_et_gb_content_width":"","footnotes":""},"class_list":["post-16","page","type-page","status-publish","hentry"],"yoast_head":"<!-- This site is optimized with the Yoast SEO plugin v27.4 - https:\/\/yoast.com\/product\/yoast-seo-wordpress\/ -->\n<title>Ellu - Elina Tanskanen valokuvaus<\/title>\n<meta name=\"robots\" content=\"index, follow, max-snippet:-1, max-image-preview:large, max-video-preview:-1\" \/>\n<link rel=\"canonical\" href=\"https:\/\/ellutanskanen.fi\/?page_id=16\" \/>\n<meta property=\"og:locale\" content=\"fi_FI\" \/>\n<meta property=\"og:type\" content=\"article\" \/>\n<meta property=\"og:title\" content=\"Ellu - Elina Tanskanen valokuvaus\" \/>\n<meta property=\"og:description\" content=\"Heippa, ihana kun oot t\u00e4\u00e4ll\u00e4!M\u00e4 oon Elina eli Ellu. Oon iloa ja naurua ymp\u00e4rilleen haluava ja tuova kahden pienen pojan \u00e4iti. Asun Hausj\u00e4rvell\u00e4 maaseudulla ja kuvailen p\u00e4\u00e4asiassa Etel\u00e4-Suomessa. Mun unelma on valokuvata ihmisi\u00e4; lapsia, vauvoja, perheit\u00e4, pariskuntia, odottavia \u00e4itej\u00e4, upeita yksil\u00f6it\u00e4. Tallentaa suuret ja etenkin ne pienet hetket. Haluan luoda hetken, jossa voitte olla t\u00e4ysin [&hellip;]\" \/>\n<meta property=\"og:url\" content=\"https:\/\/ellutanskanen.fi\/?page_id=16\" \/>\n<meta property=\"og:site_name\" content=\"Elina Tanskanen valokuvaus\" \/>\n<meta property=\"article:modified_time\" content=\"2025-07-07T10:48:44+00:00\" \/>\n<meta name=\"twitter:card\" content=\"summary_large_image\" \/>\n<meta name=\"twitter:label1\" content=\"Arvioitu lukuaika\" \/>\n\t<meta name=\"twitter:data1\" content=\"3 minuuttia\" \/>\n<script type=\"application\/ld+json\" class=\"yoast-schema-graph\">{\"@context\":\"https:\\\/\\\/schema.org\",\"@graph\":[{\"@type\":\"WebPage\",\"@id\":\"https:\\\/\\\/ellutanskanen.fi\\\/?page_id=16\",\"url\":\"https:\\\/\\\/ellutanskanen.fi\\\/?page_id=16\",\"name\":\"Ellu - Elina Tanskanen valokuvaus\",\"isPartOf\":{\"@id\":\"https:\\\/\\\/ellutanskanen.fi\\\/#website\"},\"datePublished\":\"2025-05-02T12:08:58+00:00\",\"dateModified\":\"2025-07-07T10:48:44+00:00\",\"breadcrumb\":{\"@id\":\"https:\\\/\\\/ellutanskanen.fi\\\/?page_id=16#breadcrumb\"},\"inLanguage\":\"fi\",\"potentialAction\":[{\"@type\":\"ReadAction\",\"target\":[\"https:\\\/\\\/ellutanskanen.fi\\\/?page_id=16\"]}]},{\"@type\":\"BreadcrumbList\",\"@id\":\"https:\\\/\\\/ellutanskanen.fi\\\/?page_id=16#breadcrumb\",\"itemListElement\":[{\"@type\":\"ListItem\",\"position\":1,\"name\":\"Home\",\"item\":\"https:\\\/\\\/ellutanskanen.fi\\\/\"},{\"@type\":\"ListItem\",\"position\":2,\"name\":\"Ellu\"}]},{\"@type\":\"WebSite\",\"@id\":\"https:\\\/\\\/ellutanskanen.fi\\\/#website\",\"url\":\"https:\\\/\\\/ellutanskanen.fi\\\/\",\"name\":\"Elina Tanskanen valokuvaus\",\"description\":\"\",\"potentialAction\":[{\"@type\":\"SearchAction\",\"target\":{\"@type\":\"EntryPoint\",\"urlTemplate\":\"https:\\\/\\\/ellutanskanen.fi\\\/?s={search_term_string}\"},\"query-input\":{\"@type\":\"PropertyValueSpecification\",\"valueRequired\":true,\"valueName\":\"search_term_string\"}}],\"inLanguage\":\"fi\"}]}<\/script>\n<!-- \/ Yoast SEO plugin. -->","yoast_head_json":{"title":"Ellu - Elina Tanskanen valokuvaus","robots":{"index":"index","follow":"follow","max-snippet":"max-snippet:-1","max-image-preview":"max-image-preview:large","max-video-preview":"max-video-preview:-1"},"canonical":"https:\/\/ellutanskanen.fi\/?page_id=16","og_locale":"fi_FI","og_type":"article","og_title":"Ellu - Elina Tanskanen valokuvaus","og_description":"Heippa, ihana kun oot t\u00e4\u00e4ll\u00e4!M\u00e4 oon Elina eli Ellu. Oon iloa ja naurua ymp\u00e4rilleen haluava ja tuova kahden pienen pojan \u00e4iti. Asun Hausj\u00e4rvell\u00e4 maaseudulla ja kuvailen p\u00e4\u00e4asiassa Etel\u00e4-Suomessa. Mun unelma on valokuvata ihmisi\u00e4; lapsia, vauvoja, perheit\u00e4, pariskuntia, odottavia \u00e4itej\u00e4, upeita yksil\u00f6it\u00e4. Tallentaa suuret ja etenkin ne pienet hetket. Haluan luoda hetken, jossa voitte olla t\u00e4ysin [&hellip;]","og_url":"https:\/\/ellutanskanen.fi\/?page_id=16","og_site_name":"Elina Tanskanen valokuvaus","article_modified_time":"2025-07-07T10:48:44+00:00","twitter_card":"summary_large_image","twitter_misc":{"Arvioitu lukuaika":"3 minuuttia"},"schema":{"@context":"https:\/\/schema.org","@graph":[{"@type":"WebPage","@id":"https:\/\/ellutanskanen.fi\/?page_id=16","url":"https:\/\/ellutanskanen.fi\/?page_id=16","name":"Ellu - Elina Tanskanen valokuvaus","isPartOf":{"@id":"https:\/\/ellutanskanen.fi\/#website"},"datePublished":"2025-05-02T12:08:58+00:00","dateModified":"2025-07-07T10:48:44+00:00","breadcrumb":{"@id":"https:\/\/ellutanskanen.fi\/?page_id=16#breadcrumb"},"inLanguage":"fi","potentialAction":[{"@type":"ReadAction","target":["https:\/\/ellutanskanen.fi\/?page_id=16"]}]},{"@type":"BreadcrumbList","@id":"https:\/\/ellutanskanen.fi\/?page_id=16#breadcrumb","itemListElement":[{"@type":"ListItem","position":1,"name":"Home","item":"https:\/\/ellutanskanen.fi\/"},{"@type":"ListItem","position":2,"name":"Ellu"}]},{"@type":"WebSite","@id":"https:\/\/ellutanskanen.fi\/#website","url":"https:\/\/ellutanskanen.fi\/","name":"Elina Tanskanen valokuvaus","description":"","potentialAction":[{"@type":"SearchAction","target":{"@type":"EntryPoint","urlTemplate":"https:\/\/ellutanskanen.fi\/?s={search_term_string}"},"query-input":{"@type":"PropertyValueSpecification","valueRequired":true,"valueName":"search_term_string"}}],"inLanguage":"fi"}]}},"_links":{"self":[{"href":"https:\/\/ellutanskanen.fi\/index.php?rest_route=\/wp\/v2\/pages\/16","targetHints":{"allow":["GET"]}}],"collection":[{"href":"https:\/\/ellutanskanen.fi\/index.php?rest_route=\/wp\/v2\/pages"}],"about":[{"href":"https:\/\/ellutanskanen.fi\/index.php?rest_route=\/wp\/v2\/types\/page"}],"author":[{"embeddable":true,"href":"https:\/\/ellutanskanen.fi\/index.php?rest_route=\/wp\/v2\/users\/2"}],"replies":[{"embeddable":true,"href":"https:\/\/ellutanskanen.fi\/index.php?rest_route=%2Fwp%2Fv2%2Fcomments&post=16"}],"version-history":[{"count":26,"href":"https:\/\/ellutanskanen.fi\/index.php?rest_route=\/wp\/v2\/pages\/16\/revisions"}],"predecessor-version":[{"id":860,"href":"https:\/\/ellutanskanen.fi\/index.php?rest_route=\/wp\/v2\/pages\/16\/revisions\/860"}],"wp:attachment":[{"href":"https:\/\/ellutanskanen.fi\/index.php?rest_route=%2Fwp%2Fv2%2Fmedia&parent=16"}],"curies":[{"name":"wp","href":"https:\/\/api.w.org\/{rel}","templated":true}]}}